{"id":67,"date":"2026-02-01T22:37:21","date_gmt":"2026-02-01T21:37:21","guid":{"rendered":"https:\/\/tiny.tymoteuszrychnowski.pl\/?page_id=67"},"modified":"2026-03-11T22:58:17","modified_gmt":"2026-03-11T21:58:17","slug":"okolica","status":"publish","type":"page","link":"https:\/\/tiny.tymoteuszrychnowski.pl\/?page_id=67","title":{"rendered":"Okolica"},"content":{"rendered":"\t\t<div data-elementor-type=\"wp-page\" data-elementor-id=\"67\" class=\"elementor elementor-67\" data-elementor-post-type=\"page\">\n\t\t\t\t<div data-particle_enable=\"false\" data-particle-mobile-disabled=\"false\" class=\"elementor-element elementor-element-6e3b026 e-con-full e-flex e-con e-child\" data-id=\"6e3b026\" data-element_type=\"container\" data-e-type=\"container\" data-settings=\"{&quot;background_background&quot;:&quot;classic&quot;}\">\n\t\t\t\t<div class=\"elementor-element elementor-element-b81e3d3 animated-slow elementor-invisible elementor-widget elementor-widget-heading\" data-id=\"b81e3d3\" data-element_type=\"widget\" data-e-type=\"widget\" data-settings=\"{&quot;_animation&quot;:&quot;fadeInRight&quot;}\" data-widget_type=\"heading.default\">\n\t\t\t\t\t<span class=\"elementor-heading-title elementor-size-default\">Poznaj okolice<\/span>\t\t\t\t<\/div>\n\t\t\t\t<div class=\"elementor-element elementor-element-a7d9782 elementor-invisible elementor-widget elementor-widget-heading\" data-id=\"a7d9782\" data-element_type=\"widget\" data-e-type=\"widget\" data-settings=\"{&quot;_animation&quot;:&quot;fadeInLeft&quot;}\" data-widget_type=\"heading.default\">\n\t\t\t\t\t<h1 class=\"elementor-heading-title elementor-size-default\">Okolica<\/h1>\t\t\t\t<\/div>\n\t\t\t\t<div class=\"elementor-element elementor-element-cca3f7a elementor-widget__width-auto animated-slow elementor-align-center elementor-invisible elementor-widget elementor-widget-button\" data-id=\"cca3f7a\" data-element_type=\"widget\" data-e-type=\"widget\" data-settings=\"{&quot;_animation&quot;:&quot;fadeIn&quot;,&quot;_animation_delay&quot;:50}\" data-widget_type=\"button.default\">\n\t\t\t\t\t\t\t\t\t\t<a class=\"elementor-button elementor-button-link elementor-size-md elementor-animation-shrink\" href=\"https:\/\/tajnikowo.pl\/zarezerwuj\/\">\n\t\t\t\t\t\t<span class=\"elementor-button-content-wrapper\">\n\t\t\t\t\t\t\t\t\t<span class=\"elementor-button-text\">Zarezerwuj<\/span>\n\t\t\t\t\t<\/span>\n\t\t\t\t\t<\/a>\n\t\t\t\t\t\t\t\t<\/div>\n\t\t\t\t<\/div>\n\t\t<div data-particle_enable=\"false\" data-particle-mobile-disabled=\"false\" class=\"elementor-element elementor-element-58c6a26 e-flex e-con-boxed e-con e-parent\" data-id=\"58c6a26\" data-element_type=\"container\" data-e-type=\"container\" data-settings=\"{&quot;background_background&quot;:&quot;classic&quot;}\">\n\t\t\t\t\t<div class=\"e-con-inner\">\n\t\t<div data-particle_enable=\"false\" data-particle-mobile-disabled=\"false\" class=\"elementor-element elementor-element-c83d31a e-con-full e-flex e-con e-child\" data-id=\"c83d31a\" data-element_type=\"container\" data-e-type=\"container\">\n\t\t\t\t<div class=\"elementor-element elementor-element-e07c5ed animated-slow elementor-invisible elementor-widget elementor-widget-heading\" data-id=\"e07c5ed\" data-element_type=\"widget\" data-e-type=\"widget\" data-settings=\"{&quot;_animation&quot;:&quot;fadeInRight&quot;}\" data-widget_type=\"heading.default\">\n\t\t\t\t\t<h2 class=\"elementor-heading-title elementor-size-default\"> Natura i jeziora<\/h2>\t\t\t\t<\/div>\n\t\t\t\t<div class=\"elementor-element elementor-element-8b2a74a elementor-widget-divider--view-line elementor-widget elementor-widget-divider\" data-id=\"8b2a74a\" data-element_type=\"widget\" data-e-type=\"widget\" data-widget_type=\"divider.default\">\n\t\t\t\t\t\t\t<div class=\"elementor-divider\">\n\t\t\t<span class=\"elementor-divider-separator\">\n\t\t\t\t\t\t<\/span>\n\t\t<\/div>\n\t\t\t\t\t\t<\/div>\n\t\t\t\t<div class=\"elementor-element elementor-element-3fceef8 elementor-widget elementor-widget-text-editor\" data-id=\"3fceef8\" data-element_type=\"widget\" data-e-type=\"widget\" data-widget_type=\"text-editor.default\">\n\t\t\t\t\t\t\t\t\t<p><strong>1.Arboretum Wirty \u2013 jeden z najstarszych ogrod\u00f3w dendrologicznych w Polsce (ok. 8 km)<\/strong><br \/><strong>2.Jezioro Borzechowskie Wielkie \u2013 popularne k\u0105pielisko i pla\u017ce (ok. 6 km)<\/strong><br \/><strong>3.Jezioro Borzechowskie Ma\u0142e \u2013 spokojniejsze jezioro w\u015br\u00f3d las\u00f3w (ok. 7 km)<\/strong><br \/><strong>4.Jezioro Niedackie \u2013 czysta woda, dobre miejsce do w\u0119dkowania (ok. 3 km)<\/strong><br \/><strong>5.Bory Tucholskie \u2013 ogromny kompleks le\u015bny idealny na spacery i rowery<\/strong><br \/><strong>6.Wdzydzki Park Krajobrazowy \u2013 jeziora, lasy i pi\u0119kne trasy turystyczne (ok. 35 km)<\/strong><\/p>\t\t\t\t\t\t\t\t<\/div>\n\t\t\t\t<\/div>\n\t\t<div data-particle_enable=\"false\" data-particle-mobile-disabled=\"false\" class=\"elementor-element elementor-element-38b463d e-con-full e-flex e-con e-child\" data-id=\"38b463d\" data-element_type=\"container\" data-e-type=\"container\">\n\t\t\t\t<div class=\"elementor-element elementor-element-121fa7f elementor-widget elementor-widget-image\" data-id=\"121fa7f\" data-element_type=\"widget\" data-e-type=\"widget\" data-widget_type=\"image.default\">\n\t\t\t\t\t\t\t\t\t\t\t\t\t\t\t<img fetchpriority=\"high\" decoding=\"async\" width=\"716\" height=\"474\" src=\"https:\/\/tiny.tymoteuszrychnowski.pl\/wp-content\/uploads\/2026\/03\/imgi_4_article.jpg\" class=\"attachment-full size-full wp-image-568\" alt=\"\" srcset=\"https:\/\/tiny.tymoteuszrychnowski.pl\/wp-content\/uploads\/2026\/03\/imgi_4_article.jpg 716w, https:\/\/tiny.tymoteuszrychnowski.pl\/wp-content\/uploads\/2026\/03\/imgi_4_article-300x199.jpg 300w\" sizes=\"(max-width: 716px) 100vw, 716px\" \/>\t\t\t\t\t\t\t\t\t\t\t\t\t\t\t<\/div>\n\t\t\t\t<\/div>\n\t\t\t\t\t<\/div>\n\t\t\t\t<\/div>\n\t\t<div data-particle_enable=\"false\" data-particle-mobile-disabled=\"false\" class=\"elementor-element elementor-element-1bed9ab e-flex e-con-boxed e-con e-parent\" data-id=\"1bed9ab\" data-element_type=\"container\" data-e-type=\"container\" data-settings=\"{&quot;background_background&quot;:&quot;classic&quot;}\">\n\t\t\t\t\t<div class=\"e-con-inner\">\n\t\t<div data-particle_enable=\"false\" data-particle-mobile-disabled=\"false\" class=\"elementor-element elementor-element-9de7180 e-con-full e-flex e-con e-child\" data-id=\"9de7180\" data-element_type=\"container\" data-e-type=\"container\">\n\t\t\t\t<div class=\"elementor-element elementor-element-1c8cf73 animated-slow elementor-invisible elementor-widget elementor-widget-heading\" data-id=\"1c8cf73\" data-element_type=\"widget\" data-e-type=\"widget\" data-settings=\"{&quot;_animation&quot;:&quot;fadeInRight&quot;}\" data-widget_type=\"heading.default\">\n\t\t\t\t\t<h2 class=\"elementor-heading-title elementor-size-default\">Aktywny wypoczynek:\n<\/h2>\t\t\t\t<\/div>\n\t\t\t\t<div class=\"elementor-element elementor-element-16028f3 elementor-widget-divider--view-line elementor-widget elementor-widget-divider\" data-id=\"16028f3\" data-element_type=\"widget\" data-e-type=\"widget\" data-widget_type=\"divider.default\">\n\t\t\t\t\t\t\t<div class=\"elementor-divider\">\n\t\t\t<span class=\"elementor-divider-separator\">\n\t\t\t\t\t\t<\/span>\n\t\t<\/div>\n\t\t\t\t\t\t<\/div>\n\t\t\t\t<div class=\"elementor-element elementor-element-3ab2f18 elementor-widget elementor-widget-text-editor\" data-id=\"3ab2f18\" data-element_type=\"widget\" data-e-type=\"widget\" data-widget_type=\"text-editor.default\">\n\t\t\t\t\t\t\t\t\t<p><strong>1.Sp\u0142ywy kajakowe rzek\u0105 Wda<\/strong><br \/><strong>2.Trasy rowerowe przez lasy Kociewia<\/strong><br \/><strong>3.Pla\u017cowanie i sporty wodne nad Jezioro Borzechowskie Wielkie<\/strong><br \/><strong>4.Grzybobranie w lasach Bory Tucholskie<\/strong><\/p>\t\t\t\t\t\t\t\t<\/div>\n\t\t\t\t<\/div>\n\t\t<div data-particle_enable=\"false\" data-particle-mobile-disabled=\"false\" class=\"elementor-element elementor-element-613c869 e-con-full e-flex e-con e-child\" data-id=\"613c869\" data-element_type=\"container\" data-e-type=\"container\">\n\t\t\t\t<div class=\"elementor-element elementor-element-a3c0e4f elementor-widget elementor-widget-image\" data-id=\"a3c0e4f\" data-element_type=\"widget\" data-e-type=\"widget\" data-widget_type=\"image.default\">\n\t\t\t\t\t\t\t\t\t\t\t\t\t\t\t<img decoding=\"async\" width=\"1000\" height=\"666\" src=\"https:\/\/tiny.tymoteuszrychnowski.pl\/wp-content\/uploads\/2026\/03\/imgi_23_large_4bf9c03de5b9fdbaa773611226f82132.jpg\" class=\"attachment-full size-full wp-image-569\" alt=\"\" srcset=\"https:\/\/tiny.tymoteuszrychnowski.pl\/wp-content\/uploads\/2026\/03\/imgi_23_large_4bf9c03de5b9fdbaa773611226f82132.jpg 1000w, https:\/\/tiny.tymoteuszrychnowski.pl\/wp-content\/uploads\/2026\/03\/imgi_23_large_4bf9c03de5b9fdbaa773611226f82132-300x200.jpg 300w, https:\/\/tiny.tymoteuszrychnowski.pl\/wp-content\/uploads\/2026\/03\/imgi_23_large_4bf9c03de5b9fdbaa773611226f82132-768x511.jpg 768w\" sizes=\"(max-width: 1000px) 100vw, 1000px\" \/>\t\t\t\t\t\t\t\t\t\t\t\t\t\t\t<\/div>\n\t\t\t\t<\/div>\n\t\t\t\t\t<\/div>\n\t\t\t\t<\/div>\n\t\t<div data-particle_enable=\"false\" data-particle-mobile-disabled=\"false\" class=\"elementor-element elementor-element-f4fcf32 e-flex e-con-boxed e-con e-parent\" data-id=\"f4fcf32\" data-element_type=\"container\" data-e-type=\"container\" data-settings=\"{&quot;background_background&quot;:&quot;classic&quot;}\">\n\t\t\t\t\t<div class=\"e-con-inner\">\n\t\t<div data-particle_enable=\"false\" data-particle-mobile-disabled=\"false\" class=\"elementor-element elementor-element-bb7dc47 e-con-full e-flex e-con e-child\" data-id=\"bb7dc47\" data-element_type=\"container\" data-e-type=\"container\">\n\t\t\t\t<div class=\"elementor-element elementor-element-8b43b78 animated-slow elementor-invisible elementor-widget elementor-widget-heading\" data-id=\"8b43b78\" data-element_type=\"widget\" data-e-type=\"widget\" data-settings=\"{&quot;_animation&quot;:&quot;fadeInRight&quot;}\" data-widget_type=\"heading.default\">\n\t\t\t\t\t<h2 class=\"elementor-heading-title elementor-size-default\">Zabytki i ciekawe miejsca\n<\/h2>\t\t\t\t<\/div>\n\t\t\t\t<div class=\"elementor-element elementor-element-c08d63d elementor-widget-divider--view-line elementor-widget elementor-widget-divider\" data-id=\"c08d63d\" data-element_type=\"widget\" data-e-type=\"widget\" data-widget_type=\"divider.default\">\n\t\t\t\t\t\t\t<div class=\"elementor-divider\">\n\t\t\t<span class=\"elementor-divider-separator\">\n\t\t\t\t\t\t<\/span>\n\t\t<\/div>\n\t\t\t\t\t\t<\/div>\n\t\t\t\t<div class=\"elementor-element elementor-element-2a5c220 elementor-widget elementor-widget-text-editor\" data-id=\"2a5c220\" data-element_type=\"widget\" data-e-type=\"widget\" data-widget_type=\"text-editor.default\">\n\t\t\t\t\t\t\t\t\t<p><strong>1.Pomorskie Okr\u0119gowe Muzeum PRL w Zblewie \u2013 nietypowa kolekcja z czas\u00f3w PRL<\/strong><br \/><strong>2.Zamek Kiszewski \u2013 ruiny zamku krzy\u017cackiego (ok. 15 km)<\/strong><br \/><strong>3.Diabelski Kamie\u0144 w Pinczewie \u2013 ogromny g\u0142az narzutowy i lokalna legenda<\/strong><br \/><strong>4.Ruiny m\u0142yna w Zblewie \u2013 klimatyczne miejsce spacerowe<\/strong><\/p>\t\t\t\t\t\t\t\t<\/div>\n\t\t\t\t<\/div>\n\t\t<div data-particle_enable=\"false\" data-particle-mobile-disabled=\"false\" class=\"elementor-element elementor-element-9898c7d e-con-full e-flex e-con e-child\" data-id=\"9898c7d\" data-element_type=\"container\" data-e-type=\"container\">\n\t\t\t\t<div class=\"elementor-element elementor-element-a286a18 elementor-widget elementor-widget-image\" data-id=\"a286a18\" data-element_type=\"widget\" data-e-type=\"widget\" data-widget_type=\"image.default\">\n\t\t\t\t\t\t\t\t\t\t\t\t\t\t\t<img decoding=\"async\" width=\"1536\" height=\"864\" src=\"https:\/\/tiny.tymoteuszrychnowski.pl\/wp-content\/uploads\/2026\/03\/imgi_81_GZBL-23426-Pomorskie-Okregowe-Muzeum-PRL-Zblewo-20-1536x864-1.jpg\" class=\"attachment-full size-full wp-image-570\" alt=\"\" srcset=\"https:\/\/tiny.tymoteuszrychnowski.pl\/wp-content\/uploads\/2026\/03\/imgi_81_GZBL-23426-Pomorskie-Okregowe-Muzeum-PRL-Zblewo-20-1536x864-1.jpg 1536w, https:\/\/tiny.tymoteuszrychnowski.pl\/wp-content\/uploads\/2026\/03\/imgi_81_GZBL-23426-Pomorskie-Okregowe-Muzeum-PRL-Zblewo-20-1536x864-1-300x169.jpg 300w, https:\/\/tiny.tymoteuszrychnowski.pl\/wp-content\/uploads\/2026\/03\/imgi_81_GZBL-23426-Pomorskie-Okregowe-Muzeum-PRL-Zblewo-20-1536x864-1-1024x576.jpg 1024w, https:\/\/tiny.tymoteuszrychnowski.pl\/wp-content\/uploads\/2026\/03\/imgi_81_GZBL-23426-Pomorskie-Okregowe-Muzeum-PRL-Zblewo-20-1536x864-1-768x432.jpg 768w\" sizes=\"(max-width: 1536px) 100vw, 1536px\" \/>\t\t\t\t\t\t\t\t\t\t\t\t\t\t\t<\/div>\n\t\t\t\t<\/div>\n\t\t\t\t\t<\/div>\n\t\t\t\t<\/div>\n\t\t<div data-particle_enable=\"false\" data-particle-mobile-disabled=\"false\" class=\"elementor-element elementor-element-2efdf83 e-flex e-con-boxed e-con e-parent\" data-id=\"2efdf83\" data-element_type=\"container\" data-e-type=\"container\" data-settings=\"{&quot;background_background&quot;:&quot;classic&quot;}\">\n\t\t\t\t\t<div class=\"e-con-inner\">\n\t\t<div data-particle_enable=\"false\" data-particle-mobile-disabled=\"false\" class=\"elementor-element elementor-element-e848fe9 e-con-full e-flex e-con e-child\" data-id=\"e848fe9\" data-element_type=\"container\" data-e-type=\"container\">\n\t\t\t\t<div class=\"elementor-element elementor-element-773d248 animated-slow elementor-invisible elementor-widget elementor-widget-heading\" data-id=\"773d248\" data-element_type=\"widget\" data-e-type=\"widget\" data-settings=\"{&quot;_animation&quot;:&quot;fadeInRight&quot;}\" data-widget_type=\"heading.default\">\n\t\t\t\t\t<h2 class=\"elementor-heading-title elementor-size-default\">Miasta warte odwiedzenia<\/h2>\t\t\t\t<\/div>\n\t\t\t\t<div class=\"elementor-element elementor-element-4d28dee elementor-widget-divider--view-line elementor-widget elementor-widget-divider\" data-id=\"4d28dee\" data-element_type=\"widget\" data-e-type=\"widget\" data-widget_type=\"divider.default\">\n\t\t\t\t\t\t\t<div class=\"elementor-divider\">\n\t\t\t<span class=\"elementor-divider-separator\">\n\t\t\t\t\t\t<\/span>\n\t\t<\/div>\n\t\t\t\t\t\t<\/div>\n\t\t\t\t<div class=\"elementor-element elementor-element-1b9aba8 elementor-widget elementor-widget-text-editor\" data-id=\"1b9aba8\" data-element_type=\"widget\" data-e-type=\"widget\" data-widget_type=\"text-editor.default\">\n\t\t\t\t\t\t\t\t\t<p><strong>1.Starogard Gda\u0144ski \u2013 rynek, restauracje i wydarzenia kulturalne (15 km)<\/strong><br \/><strong>2.Ko\u015bcierzyna \u2013 muzeum kolejnictwa i urokliwe centrum (30 km)<\/strong><br \/><strong>3.Pelplin \u2013 gotycka katedra i muzeum diecezjalne (35 km)<\/strong><br \/><strong>4.Gda\u0144sk \u2013 historyczna star\u00f3wka i dost\u0119p do morza (60 km)<\/strong><br \/><strong>5.Sopot \u2013 s\u0142ynne molo i nadmorska promenada<\/strong><br \/><strong>6.Gdynia \u2013 port, klify i nadmorskie atrakcje<\/strong><\/p>\t\t\t\t\t\t\t\t<\/div>\n\t\t\t\t<\/div>\n\t\t<div data-particle_enable=\"false\" data-particle-mobile-disabled=\"false\" class=\"elementor-element elementor-element-a6044e2 e-con-full e-flex e-con e-child\" data-id=\"a6044e2\" data-element_type=\"container\" data-e-type=\"container\">\n\t\t\t\t<div class=\"elementor-element elementor-element-6d71bfc elementor-widget elementor-widget-image\" data-id=\"6d71bfc\" data-element_type=\"widget\" data-e-type=\"widget\" data-widget_type=\"image.default\">\n\t\t\t\t\t\t\t\t\t\t\t\t\t\t\t<img loading=\"lazy\" decoding=\"async\" width=\"1920\" height=\"1080\" src=\"https:\/\/tiny.tymoteuszrychnowski.pl\/wp-content\/uploads\/2026\/03\/imgi_35_210306-MSTA-000-Starogard-GDanski-miasto-00001.jpg\" class=\"attachment-full size-full wp-image-571\" alt=\"\" srcset=\"https:\/\/tiny.tymoteuszrychnowski.pl\/wp-content\/uploads\/2026\/03\/imgi_35_210306-MSTA-000-Starogard-GDanski-miasto-00001.jpg 1920w, https:\/\/tiny.tymoteuszrychnowski.pl\/wp-content\/uploads\/2026\/03\/imgi_35_210306-MSTA-000-Starogard-GDanski-miasto-00001-300x169.jpg 300w, https:\/\/tiny.tymoteuszrychnowski.pl\/wp-content\/uploads\/2026\/03\/imgi_35_210306-MSTA-000-Starogard-GDanski-miasto-00001-1024x576.jpg 1024w, https:\/\/tiny.tymoteuszrychnowski.pl\/wp-content\/uploads\/2026\/03\/imgi_35_210306-MSTA-000-Starogard-GDanski-miasto-00001-768x432.jpg 768w, https:\/\/tiny.tymoteuszrychnowski.pl\/wp-content\/uploads\/2026\/03\/imgi_35_210306-MSTA-000-Starogard-GDanski-miasto-00001-1536x864.jpg 1536w\" sizes=\"(max-width: 1920px) 100vw, 1920px\" \/>\t\t\t\t\t\t\t\t\t\t\t\t\t\t\t<\/div>\n\t\t\t\t<\/div>\n\t\t\t\t\t<\/div>\n\t\t\t\t<\/div>\n\t\t\t\t<\/div>\n\t\t","protected":false},"excerpt":{"rendered":"<p>Poznaj okolice Okolica Zarezerwuj Natura i jeziora 1.Arboretum Wirty \u2013 jeden z najstarszych ogrod\u00f3w dendrologicznych w Polsce (ok. 8 km)2.Jezioro [&hellip;]<\/p>\n","protected":false},"author":1,"featured_media":0,"parent":0,"menu_order":0,"comment_status":"closed","ping_status":"closed","template":"elementor_header_footer","meta":{"site-sidebar-layout":"default","site-content-layout":"","ast-site-content-layout":"default","site-content-style":"default","site-sidebar-style":"default","ast-global-header-display":"","ast-banner-title-visibility":"","ast-main-header-display":"","ast-hfb-above-header-display":"","ast-hfb-below-header-display":"","ast-hfb-mobile-header-display":"","site-post-title":"","ast-breadcrumbs-content":"","ast-featured-img":"","footer-sml-layout":"","ast-disable-related-posts":"","theme-transparent-header-meta":"","adv-header-id-meta":"","stick-header-meta":"","header-above-stick-meta":"","header-main-stick-meta":"","header-below-stick-meta":"","astra-migrate-meta-layouts":"default","ast-page-background-enabled":"default","ast-page-background-meta":{"desktop":{"background-color":"var(--ast-global-color-5)","background-image":"","background-repeat":"repeat","background-position":"center center","background-size":"auto","background-attachment":"scroll","background-type":"","background-media":"","overlay-type":"","overlay-color":"","overlay-opacity":"","overlay-gradient":""},"tablet":{"background-color":"","background-image":"","background-repeat":"repeat","background-position":"center center","background-size":"auto","background-attachment":"scroll","background-type":"","background-media":"","overlay-type":"","overlay-color":"","overlay-opacity":"","overlay-gradient":""},"mobile":{"background-color":"","background-image":"","background-repeat":"repeat","background-position":"center center","background-size":"auto","background-attachment":"scroll","background-type":"","background-media":"","overlay-type":"","overlay-color":"","overlay-opacity":"","overlay-gradient":""}},"ast-content-background-meta":{"desktop":{"background-color":"var(--ast-global-color-4)","background-image":"","background-repeat":"repeat","background-position":"center center","background-size":"auto","background-attachment":"scroll","background-type":"","background-media":"","overlay-type":"","overlay-color":"","overlay-opacity":"","overlay-gradient":""},"tablet":{"background-color":"var(--ast-global-color-4)","background-image":"","background-repeat":"repeat","background-position":"center center","background-size":"auto","background-attachment":"scroll","background-type":"","background-media":"","overlay-type":"","overlay-color":"","overlay-opacity":"","overlay-gradient":""},"mobile":{"background-color":"var(--ast-global-color-4)","background-image":"","background-repeat":"repeat","background-position":"center center","background-size":"auto","background-attachment":"scroll","background-type":"","background-media":"","overlay-type":"","overlay-color":"","overlay-opacity":"","overlay-gradient":""}},"footnotes":""},"class_list":["post-67","page","type-page","status-publish","hentry"],"_links":{"self":[{"href":"https:\/\/tiny.tymoteuszrychnowski.pl\/index.php?rest_route=\/wp\/v2\/pages\/67","targetHints":{"allow":["GET"]}}],"collection":[{"href":"https:\/\/tiny.tymoteuszrychnowski.pl\/index.php?rest_route=\/wp\/v2\/pages"}],"about":[{"href":"https:\/\/tiny.tymoteuszrychnowski.pl\/index.php?rest_route=\/wp\/v2\/types\/page"}],"author":[{"embeddable":true,"href":"https:\/\/tiny.tymoteuszrychnowski.pl\/index.php?rest_route=\/wp\/v2\/users\/1"}],"replies":[{"embeddable":true,"href":"https:\/\/tiny.tymoteuszrychnowski.pl\/index.php?rest_route=%2Fwp%2Fv2%2Fcomments&post=67"}],"version-history":[{"count":30,"href":"https:\/\/tiny.tymoteuszrychnowski.pl\/index.php?rest_route=\/wp\/v2\/pages\/67\/revisions"}],"predecessor-version":[{"id":574,"href":"https:\/\/tiny.tymoteuszrychnowski.pl\/index.php?rest_route=\/wp\/v2\/pages\/67\/revisions\/574"}],"wp:attachment":[{"href":"https:\/\/tiny.tymoteuszrychnowski.pl\/index.php?rest_route=%2Fwp%2Fv2%2Fmedia&parent=67"}],"curies":[{"name":"wp","href":"https:\/\/api.w.org\/{rel}","templated":true}]}}